{"id":14615,"date":"2024-06-06T12:06:06","date_gmt":"2024-06-06T10:06:06","guid":{"rendered":"https:\/\/tickets-online.aquavelis.es\/bono7dias\/"},"modified":"2024-06-27T17:08:04","modified_gmt":"2024-06-27T15:08:04","slug":"bono7dias","status":"publish","type":"page","link":"https:\/\/tickets-online.aquavelis.es\/en\/bono7dias\/","title":{"rendered":"Bono 7 Dias"},"content":{"rendered":"<div id='av-layout-grid-1'  class='av-layout-grid-container entry-content-wrapper main_color av-flex-cells     avia-builder-el-0  el_before_av_hr  avia-builder-el-first  container_wrap sidebar_right' style=' '  >\n<div class=\"flex_cell no_margin av_two_third  avia-builder-el-1  el_before_av_cell_one_third  avia-builder-el-first  cell-round  \"  style='background: #ffffff; vertical-align:top; padding:30px; background-color:#ffffff; ' ><div class='flex_cell_inner' ><p><div  style='padding-bottom:10px; ' class='av-special-heading av-special-heading-h2  blockquote modern-quote modern-centered  avia-builder-el-2  el_before_av_textblock  avia-builder-el-first  '><h2 class='av-special-heading-tag '  itemprop=\"headline\"  >Bono 7 Dias<\/h2><div class='special-heading-border'><div class='special-heading-inner-border' ><\/div><\/div><\/div><br \/>\n<section class=\"av_textblock_section \"  itemscope=\"itemscope\" itemtype=\"https:\/\/schema.org\/CreativeWork\" ><div class='avia_textblock  '   itemprop=\"text\" ><p>Disfruta de un d\u00eda inolvidable en Aquavelis Torre del Mar. Compra tus bono de 7 d\u00edas online y ah\u00f3rrate hasta <strong>93,50 euros por bono<\/strong>\u00a0respecto del precio de la entrada normal en taquilla.<\/p>\n<p><strong>Una vez realizada la compra te llegara el Bono de 7 d\u00edas al correo electr\u00f3nico. No hace falta que lo imprimas, puedes ense\u00f1ar el c\u00f3digo en la puerta con el m\u00f3vil.<\/strong><\/p>\n<p>Recuerda que, a la entrada al parque, deber\u00e1s aportar la documentaci\u00f3n que le acredite ser titular del bono. Aseg\u00farate de escribir correctamente los nombres para que los bono sean v\u00e1lidos.<\/p>\n<\/div><\/section><br \/>\n<div  style=' margin-top:10px; margin-bottom:10px;'  class='hr hr-custom hr-center hr-icon-no   avia-builder-el-4  el_after_av_textblock  el_before_av_image '><span class='hr-inner  inner-border-av-border-none' style=' width:50px;' ><span class='hr-inner-style'><\/span><\/span><\/div><br \/>\n<div  class='avia-image-container  av-styling-    avia-builder-el-5  el_after_av_hr  el_before_av_hr  avia-align-center '  itemprop=\"image\" itemscope=\"itemscope\" itemtype=\"https:\/\/schema.org\/ImageObject\"  ><div class='avia-image-container-inner'><div class='avia-image-overlay-wrap'><img decoding=\"async\" class='wp-image-1652 avia-img-lazy-loading-not-1652 avia_image' src=\"https:\/\/tickets-online.aquavelis.es\/wp-content\/uploads\/2021\/07\/DSC00141-300x202.jpg\" alt='' title='DSC00141' height=\"202\" width=\"300\"  itemprop=\"thumbnailUrl\" srcset=\"https:\/\/tickets-online.aquavelis.es\/wp-content\/uploads\/2021\/07\/DSC00141-300x202.jpg 300w, https:\/\/tickets-online.aquavelis.es\/wp-content\/uploads\/2021\/07\/DSC00141-1030x693.jpg 1030w, https:\/\/tickets-online.aquavelis.es\/wp-content\/uploads\/2021\/07\/DSC00141-768x517.jpg 768w, https:\/\/tickets-online.aquavelis.es\/wp-content\/uploads\/2021\/07\/DSC00141-1536x1033.jpg 1536w, https:\/\/tickets-online.aquavelis.es\/wp-content\/uploads\/2021\/07\/DSC00141-2048x1378.jpg 2048w, https:\/\/tickets-online.aquavelis.es\/wp-content\/uploads\/2021\/07\/DSC00141-1500x1009.jpg 1500w, https:\/\/tickets-online.aquavelis.es\/wp-content\/uploads\/2021\/07\/DSC00141-705x474.jpg 705w, https:\/\/tickets-online.aquavelis.es\/wp-content\/uploads\/2021\/07\/DSC00141-600x404.jpg 600w\" sizes=\"(max-width: 300px) 100vw, 300px\" \/><\/div><\/div><\/div><br \/>\n<div  style=' margin-top:10px; margin-bottom:10px;'  class='hr hr-custom hr-center hr-icon-no   avia-builder-el-6  el_after_av_image  el_before_av_productlist '><span class='hr-inner  inner-border-av-border-none' style=' width:50px;' ><span class='hr-inner-style'><\/span><\/span><\/div><br \/>\n<div  class='av_fullwidth first  flex_column av-catalogue-column  '><div class='av-catalogue-container av-catalogue-container-woo' ><ul class='av-catalogue-list'><li><a  href=\"https:\/\/tickets-online.aquavelis.es\/en\/entradas\/regular-ticket__trashed\/\" data-product_id=\"132\" data-product_sku=\"\" class=\"av-catalogue-item  product_type_simple product-nr-1\"><img loading=\"lazy\" decoding=\"async\" width=\"180\" height=\"180\" src=\"https:\/\/tickets-online.aquavelis.es\/wp-content\/uploads\/2021\/06\/entrada-normal-180x180.jpg\" class=\"wp-image-172 avia-img-lazy-loading-172 av-catalogue-image av-cart-update-image av-catalogue-image-yes wp-post-image\" alt=\"\" srcset=\"https:\/\/tickets-online.aquavelis.es\/wp-content\/uploads\/2021\/06\/entrada-normal-180x180.jpg 180w, https:\/\/tickets-online.aquavelis.es\/wp-content\/uploads\/2021\/06\/entrada-normal-80x80.jpg 80w, https:\/\/tickets-online.aquavelis.es\/wp-content\/uploads\/2021\/06\/entrada-normal-36x36.jpg 36w, https:\/\/tickets-online.aquavelis.es\/wp-content\/uploads\/2021\/06\/entrada-normal-100x100.jpg 100w\" sizes=\"auto, (max-width: 180px) 100vw, 180px\" \/><div class='av-catalogue-item-inner'><div class='av-catalogue-title-container'><div class='av-catalogue-title av-cart-update-title'>Regular Ticket<\/div><div class='av-catalogue-price av-cart-update-price'><del aria-hidden=\"true\"><span class=\"woocommerce-Price-amount amount\"><bdi>203,00<span class=\"woocommerce-Price-currencySymbol\">&euro;<\/span><\/bdi><\/span><\/del> <span class=\"screen-reader-text\">Original price was: 203,00&euro;.<\/span><ins aria-hidden=\"true\"><span class=\"woocommerce-Price-amount amount\"><bdi>101,00<span class=\"woocommerce-Price-currencySymbol\">&euro;<\/span><\/bdi><\/span><\/ins><span class=\"screen-reader-text\">Current price is: 101,00&euro;.<\/span><\/div><\/div><div class='av-catalogue-content'><\/div><\/div><\/a><\/li><li><a  href=\"https:\/\/tickets-online.aquavelis.es\/en\/entradas\/junior-ticket__trashed\/\" data-product_id=\"134\" data-product_sku=\"\" class=\"av-catalogue-item  product_type_simple product-nr-2\"><img loading=\"lazy\" decoding=\"async\" width=\"180\" height=\"180\" src=\"https:\/\/tickets-online.aquavelis.es\/wp-content\/uploads\/2021\/06\/entrada-junior-180x180.jpg\" class=\"wp-image-176 avia-img-lazy-loading-176 av-catalogue-image av-cart-update-image av-catalogue-image-yes wp-post-image\" alt=\"\" srcset=\"https:\/\/tickets-online.aquavelis.es\/wp-content\/uploads\/2021\/06\/entrada-junior-180x180.jpg 180w, https:\/\/tickets-online.aquavelis.es\/wp-content\/uploads\/2021\/06\/entrada-junior-80x80.jpg 80w, https:\/\/tickets-online.aquavelis.es\/wp-content\/uploads\/2021\/06\/entrada-junior-36x36.jpg 36w, https:\/\/tickets-online.aquavelis.es\/wp-content\/uploads\/2021\/06\/entrada-junior-100x100.jpg 100w\" sizes=\"auto, (max-width: 180px) 100vw, 180px\" \/><div class='av-catalogue-item-inner'><div class='av-catalogue-title-container'><div class='av-catalogue-title av-cart-update-title'>Junior Ticket<\/div><div class='av-catalogue-price av-cart-update-price'><del aria-hidden=\"true\"><span class=\"woocommerce-Price-amount amount\"><bdi>161,00<span class=\"woocommerce-Price-currencySymbol\">&euro;<\/span><\/bdi><\/span><\/del> <span class=\"screen-reader-text\">Original price was: 161,00&euro;.<\/span><ins aria-hidden=\"true\"><span class=\"woocommerce-Price-amount amount\"><bdi>81,00<span class=\"woocommerce-Price-currencySymbol\">&euro;<\/span><\/bdi><\/span><\/ins><span class=\"screen-reader-text\">Current price is: 81,00&euro;.<\/span><\/div><\/div><div class='av-catalogue-content'><\/div><\/div><\/a><\/li><li><a  href=\"https:\/\/tickets-online.aquavelis.es\/en\/entradas\/mini-ticket__trashed\/\" data-product_id=\"136\" data-product_sku=\"\" class=\"av-catalogue-item  product_type_simple product-nr-3\"><img loading=\"lazy\" decoding=\"async\" width=\"180\" height=\"180\" src=\"https:\/\/tickets-online.aquavelis.es\/wp-content\/uploads\/2021\/06\/entrada-mini-180x180.jpg\" class=\"wp-image-174 avia-img-lazy-loading-174 av-catalogue-image av-cart-update-image av-catalogue-image-yes wp-post-image\" alt=\"\" srcset=\"https:\/\/tickets-online.aquavelis.es\/wp-content\/uploads\/2021\/06\/entrada-mini-180x180.jpg 180w, https:\/\/tickets-online.aquavelis.es\/wp-content\/uploads\/2021\/06\/entrada-mini-80x80.jpg 80w, https:\/\/tickets-online.aquavelis.es\/wp-content\/uploads\/2021\/06\/entrada-mini-36x36.jpg 36w, https:\/\/tickets-online.aquavelis.es\/wp-content\/uploads\/2021\/06\/entrada-mini-100x100.jpg 100w\" sizes=\"auto, (max-width: 180px) 100vw, 180px\" \/><div class='av-catalogue-item-inner'><div class='av-catalogue-title-container'><div class='av-catalogue-title av-cart-update-title'>Mini Ticket<\/div><div class='av-catalogue-price av-cart-update-price'><del aria-hidden=\"true\"><span class=\"woocommerce-Price-amount amount\"><bdi>105,00<span class=\"woocommerce-Price-currencySymbol\">&euro;<\/span><\/bdi><\/span><\/del> <span class=\"screen-reader-text\">Original price was: 105,00&euro;.<\/span><ins aria-hidden=\"true\"><span class=\"woocommerce-Price-amount amount\"><bdi>51,00<span class=\"woocommerce-Price-currencySymbol\">&euro;<\/span><\/bdi><\/span><\/ins><span class=\"screen-reader-text\">Current price is: 51,00&euro;.<\/span><\/div><\/div><div class='av-catalogue-content'><\/div><\/div><\/a><\/li><li><a  href=\"https:\/\/tickets-online.aquavelis.es\/en\/entradas\/senior-ticket__trashed\/\" data-product_id=\"138\" data-product_sku=\"\" class=\"av-catalogue-item  product_type_simple product-nr-4\"><img loading=\"lazy\" decoding=\"async\" width=\"180\" height=\"180\" src=\"https:\/\/tickets-online.aquavelis.es\/wp-content\/uploads\/2021\/06\/entrada-senior-180x180.jpg\" class=\"wp-image-170 avia-img-lazy-loading-170 av-catalogue-image av-cart-update-image av-catalogue-image-yes wp-post-image\" alt=\"\" srcset=\"https:\/\/tickets-online.aquavelis.es\/wp-content\/uploads\/2021\/06\/entrada-senior-180x180.jpg 180w, https:\/\/tickets-online.aquavelis.es\/wp-content\/uploads\/2021\/06\/entrada-senior-80x80.jpg 80w, https:\/\/tickets-online.aquavelis.es\/wp-content\/uploads\/2021\/06\/entrada-senior-36x36.jpg 36w, https:\/\/tickets-online.aquavelis.es\/wp-content\/uploads\/2021\/06\/entrada-senior-100x100.jpg 100w\" sizes=\"auto, (max-width: 180px) 100vw, 180px\" \/><div class='av-catalogue-item-inner'><div class='av-catalogue-title-container'><div class='av-catalogue-title av-cart-update-title'>Senior Ticket<\/div><div class='av-catalogue-price av-cart-update-price'><del aria-hidden=\"true\"><span class=\"woocommerce-Price-amount amount\"><bdi>161,00<span class=\"woocommerce-Price-currencySymbol\">&euro;<\/span><\/bdi><\/span><\/del> <span class=\"screen-reader-text\">Original price was: 161,00&euro;.<\/span><ins aria-hidden=\"true\"><span class=\"woocommerce-Price-amount amount\"><bdi>81,00<span class=\"woocommerce-Price-currencySymbol\">&euro;<\/span><\/bdi><\/span><\/ins><span class=\"screen-reader-text\">Current price is: 81,00&euro;.<\/span><\/div><\/div><div class='av-catalogue-content'><\/div><\/div><\/a><\/li><\/ul><\/div><\/div><br \/>\n<div class=\"flex_column av_one_half  flex_column_div av-zero-column-padding first  \" style='border-radius:0px; '><section class=\"av_textblock_section \"  itemscope=\"itemscope\" itemtype=\"https:\/\/schema.org\/CreativeWork\" ><div class='avia_textblock  '   itemprop=\"text\" ><p>Caracter\u00edsticas del Bono de 7 dias:<\/p>\n<ul>\n<li>El Bono es personal e intransferible.<\/li>\n<li>V\u00e1lido para 7 dias, a su elecci\u00f3n, en la temporada actual.<\/li>\n<li>No acumulable con otras ofertas o descuentos.<\/li>\n<li>Los ni\u00f1os que miden menos de 0,95 metros no pagan.<\/li>\n<li><strong>No valido para el mismo d\u00eda de la compra.<\/strong><\/li>\n<\/ul>\n<\/div><\/section><\/div><div class=\"flex_column av_one_half  flex_column_div av-zero-column-padding   \" style='border-radius:0px; '><div  class='avia-image-container  av-styling-    avia-align-center '  itemprop=\"image\" itemscope=\"itemscope\" itemtype=\"https:\/\/schema.org\/ImageObject\"  ><div class='avia-image-container-inner'><div class='avia-image-overlay-wrap'><img decoding=\"async\" class='wp-image-14495 avia-img-lazy-loading-not-14495 avia_image' src=\"https:\/\/tickets-online.aquavelis.es\/wp-content\/uploads\/2024\/06\/ZONA_SPA-300x211.jpg\" alt='' title='ZONA_SPA' height=\"211\" width=\"300\"  itemprop=\"thumbnailUrl\" srcset=\"https:\/\/tickets-online.aquavelis.es\/wp-content\/uploads\/2024\/06\/ZONA_SPA-300x211.jpg 300w, https:\/\/tickets-online.aquavelis.es\/wp-content\/uploads\/2024\/06\/ZONA_SPA.jpg 600w\" sizes=\"(max-width: 300px) 100vw, 300px\" \/><\/div><\/div><\/div><\/div><div class=\"flex_column av_one_half  flex_column_div av-zero-column-padding first  \" style='border-radius:0px; '><div  class='avia-image-container  av-styling-    avia-align-center '  itemprop=\"image\" itemscope=\"itemscope\" itemtype=\"https:\/\/schema.org\/ImageObject\"  ><div class='avia-image-container-inner'><div class='avia-image-overlay-wrap'><img decoding=\"async\" class='wp-image-14493 avia-img-lazy-loading-not-14493 avia_image' src=\"https:\/\/tickets-online.aquavelis.es\/wp-content\/uploads\/2024\/06\/MAGIC_HOLE-300x211.jpg\" alt='' title='MAGIC_HOLE' height=\"211\" width=\"300\"  itemprop=\"thumbnailUrl\" srcset=\"https:\/\/tickets-online.aquavelis.es\/wp-content\/uploads\/2024\/06\/MAGIC_HOLE-300x211.jpg 300w, https:\/\/tickets-online.aquavelis.es\/wp-content\/uploads\/2024\/06\/MAGIC_HOLE.jpg 600w\" sizes=\"(max-width: 300px) 100vw, 300px\" \/><\/div><\/div><\/div><\/div><div class=\"flex_column av_one_half  flex_column_div av-zero-column-padding   \" style='border-radius:0px; '><section class=\"av_textblock_section \"  itemscope=\"itemscope\" itemtype=\"https:\/\/schema.org\/CreativeWork\" ><div class='avia_textblock  '   itemprop=\"text\" ><p>Tipos de bonos:<\/p>\n<ul>\n<li>Bono 7 dias Normal: m\u00e1s de 1,40 metros de altura.<\/li>\n<li>Bono 7 dias Junior: de 1,15 metros a 1,40 metros de altura.<\/li>\n<li>Bono 7 dias Mini: de 0,95 metros a 1,15 metros de altura.<\/li>\n<li>Bono 7 dias Senior: mayor de 65 a\u00f1os.<\/li>\n<\/ul>\n<\/div><\/section><\/div><div  style=' margin-top:10px; margin-bottom:10px;'  class='hr hr-custom hr-center hr-icon-no  '><span class='hr-inner  inner-border-av-border-none' style=' width:50px;' ><span class='hr-inner-style'><\/span><\/span><\/div><br \/>\n<article  class=\"iconbox iconbox_top main_color    \"  itemscope=\"itemscope\" itemtype=\"https:\/\/schema.org\/CreativeWork\" ><div class=\"iconbox_content\"><header class=\"entry-content-header\"><div class=\"iconbox_icon heading-color\" aria-hidden='true' data-av_icon='\ue81f' data-av_iconfont='entypo-fontello'  style='background-color:#489aca; border:1px solid #ffffff; color:#ffffff; ' ><\/div><h3 class='iconbox_content_title  '  itemprop=\"headline\"   style='color:#ffffff; '>Informaci\u00f3n<\/h3><\/header><div class='iconbox_content_container av_inherit_color '  itemprop=\"text\"   style='color:#ffffff; '><p>Los bonos de 7 d\u00edas vendidos no son reembolsables.<\/p>\n<p>En la puerta de entrada se solicitar\u00e1n los datos de la persona abonada (DNI o similar).<\/p>\n<p>Los Bonos se activar\u00e1n despu\u00e9s de la compra.<\/p>\n<\/div><\/div><footer class=\"entry-footer\"><\/footer><\/article><\/p>\n<\/div><\/div><div class=\"flex_cell no_margin av_one_third   \"  style='vertical-align:top; padding:30px; ' ><div class='flex_cell_inner' ><p><div  class='avia-builder-widget-area clearfix '><section id=\"woocommerce_widget_cart-3\" class=\"widget clearfix woocommerce widget_shopping_cart\"><h3 class=\"widgettitle\">Carrito<\/h3><div class=\"widget_shopping_cart_content\"><\/div><span class=\"seperator extralight-border\"><\/span><\/section><\/div><br \/>\n<section class=\"av_textblock_section \"  itemscope=\"itemscope\" itemtype=\"https:\/\/schema.org\/CreativeWork\" ><div class='avia_textblock bloq-forma-pago '   itemprop=\"text\" ><h3 class=\"widgettitle\">FORMA DE PAGO:<\/h3>\n<p><img loading=\"lazy\" decoding=\"async\" class=\"alignnone size-full wp-image-524\" src=\"https:\/\/tickets-online.aquavelis.es\/wp-content\/uploads\/2021\/06\/visa.png\" alt=\"\" width=\"60\" height=\"40\" \/> <img loading=\"lazy\" decoding=\"async\" class=\"alignnone size-full wp-image-522\" src=\"https:\/\/tickets-online.aquavelis.es\/wp-content\/uploads\/2021\/06\/mc.png\" alt=\"\" width=\"60\" height=\"40\" \/> <img loading=\"lazy\" decoding=\"async\" class=\"alignnone size-full wp-image-520\" src=\"https:\/\/tickets-online.aquavelis.es\/wp-content\/uploads\/2021\/06\/Iupay.png\" alt=\"\" width=\"60\" height=\"38\" \/> <img loading=\"lazy\" decoding=\"async\" class=\"alignnone size-full wp-image-518\" src=\"https:\/\/tickets-online.aquavelis.es\/wp-content\/uploads\/2021\/06\/maestro.png\" alt=\"\" width=\"60\" height=\"40\" \/><\/p>\n<\/div><\/section><\/p>\n<\/div><\/div><\/div><div id='after_submenu_1'  class='main_color av_default_container_wrap container_wrap sidebar_right' style=' '  ><div class='container' ><div class='template-page content  av-content-small alpha units'><div class='post-entry post-entry-type-page post-entry-14615'><div class='entry-content-wrapper clearfix'><div  style=' margin-top:5px; margin-bottom:5px;'  class='hr hr-custom hr-center hr-icon-no  '><span class='hr-inner  inner-border-av-border-none' style=' width:0;' ><span class='hr-inner-style'><\/span><\/span><\/div><\/p>\n\n","protected":false},"excerpt":{"rendered":"","protected":false},"author":1,"featured_media":0,"parent":0,"menu_order":0,"comment_status":"closed","ping_status":"closed","template":"","meta":{"footnotes":""},"class_list":["post-14615","page","type-page","status-publish","hentry"],"_links":{"self":[{"href":"https:\/\/tickets-online.aquavelis.es\/en\/wp-json\/wp\/v2\/pages\/14615","targetHints":{"allow":["GET"]}}],"collection":[{"href":"https:\/\/tickets-online.aquavelis.es\/en\/wp-json\/wp\/v2\/pages"}],"about":[{"href":"https:\/\/tickets-online.aquavelis.es\/en\/wp-json\/wp\/v2\/types\/page"}],"author":[{"embeddable":true,"href":"https:\/\/tickets-online.aquavelis.es\/en\/wp-json\/wp\/v2\/users\/1"}],"replies":[{"embeddable":true,"href":"https:\/\/tickets-online.aquavelis.es\/en\/wp-json\/wp\/v2\/comments?post=14615"}],"version-history":[{"count":6,"href":"https:\/\/tickets-online.aquavelis.es\/en\/wp-json\/wp\/v2\/pages\/14615\/revisions"}],"predecessor-version":[{"id":14632,"href":"https:\/\/tickets-online.aquavelis.es\/en\/wp-json\/wp\/v2\/pages\/14615\/revisions\/14632"}],"wp:attachment":[{"href":"https:\/\/tickets-online.aquavelis.es\/en\/wp-json\/wp\/v2\/media?parent=14615"}],"curies":[{"name":"wp","href":"https:\/\/api.w.org\/{rel}","templated":true}]}}